{"id":2,"date":"2021-06-16T12:23:20","date_gmt":"2021-06-16T10:23:20","guid":{"rendered":"http:\/\/bytetrust.com\/?page_id=2"},"modified":"2021-06-17T13:17:21","modified_gmt":"2021-06-17T11:17:21","slug":"page-d-exemple","status":"publish","type":"page","link":"http:\/\/bytetrust.com\/index.php\/page-d-exemple\/","title":{"rendered":"About"},"content":{"rendered":"\n<p class=\"has-text-align-left\">En parfaite collaboration avec nos clients et partenaires, nous \u00e9laborons, impl\u00e9mentons et supportons des solutions technologiques innovantes, adapt\u00e9es \u00e0 votre budget. Au travers des services d\u00e9crits ci-dessus, nous nous adressons aux banques, compagnies d\u2019assurances,institutions gouvernementales et multinationales. Nous sommes \u00e9galement sp\u00e9cialis\u00e9s dans la gestion des plateformes et services aux PME.<\/p>\n","protected":false},"excerpt":{"rendered":"<p>En parfaite collaboration avec nos clients et partenaires, nous \u00e9laborons, impl\u00e9mentons et supportons des solutions technologiques innovantes, adapt\u00e9es \u00e0 votre budget. Au travers des services d\u00e9crits ci-dessus, nous nous adressons aux banques, compagnies d\u2019assurances,institutions gouvernementales et multinationales. Nous sommes \u00e9galement sp\u00e9cialis\u00e9s dans la gestion des plateformes et services aux PME.<\/p>\n","protected":false},"author":1,"featured_media":0,"parent":0,"menu_order":0,"comment_status":"closed","ping_status":"open","template":"","meta":[],"_links":{"self":[{"href":"http:\/\/bytetrust.com\/index.php\/wp-json\/wp\/v2\/pages\/2"}],"collection":[{"href":"http:\/\/bytetrust.com\/index.php\/wp-json\/wp\/v2\/pages"}],"about":[{"href":"http:\/\/bytetrust.com\/index.php\/wp-json\/wp\/v2\/types\/page"}],"author":[{"embeddable":true,"href":"http:\/\/bytetrust.com\/index.php\/wp-json\/wp\/v2\/users\/1"}],"replies":[{"embeddable":true,"href":"http:\/\/bytetrust.com\/index.php\/wp-json\/wp\/v2\/comments?post=2"}],"version-history":[{"count":3,"href":"http:\/\/bytetrust.com\/index.php\/wp-json\/wp\/v2\/pages\/2\/revisions"}],"predecessor-version":[{"id":109,"href":"http:\/\/bytetrust.com\/index.php\/wp-json\/wp\/v2\/pages\/2\/revisions\/109"}],"wp:attachment":[{"href":"http:\/\/bytetrust.com\/index.php\/wp-json\/wp\/v2\/media?parent=2"}],"curies":[{"name":"wp","href":"https:\/\/api.w.org\/{rel}","templated":true}]}}